{"id":11,"date":"2026-01-13T23:34:28","date_gmt":"2026-01-13T20:34:28","guid":{"rendered":"https:\/\/www.ghgtrans.com\/services\/"},"modified":"2026-01-15T00:02:55","modified_gmt":"2026-01-14T21:02:55","slug":"services","status":"publish","type":"page","link":"https:\/\/www.ghgtrans.com\/ru\/services\/","title":{"rendered":"\u041d\u0410\u0428\u0418 \u0423\u0421\u041b\u0423\u0413\u0418"},"content":{"rendered":"<div data-elementor-type=\"wp-page\" data-elementor-id=\"11\" class=\"elementor elementor-11\">\n\t\t\t\t<div class=\"elementor-element elementor-element-122e55f e-flex e-con-boxed e-con e-parent\" data-id=\"122e55f\" data-element_type=\"container\" data-settings=\"{&quot;background_background&quot;:&quot;classic&quot;}\">\n\t\t\t\t\t<div class=\"e-con-inner\">\n\t\t<div class=\"elementor-element elementor-element-d4f38d4 e-con-full e-flex e-con e-child\" data-id=\"d4f38d4\" data-element_type=\"container\">\n\t\t\t\t<div class=\"elementor-element elementor-element-63d7f54 elementor-widget elementor-widget-heading\" data-id=\"63d7f54\" data-element_type=\"widget\" data-widget_type=\"heading.default\">\n\t\t\t\t<div class=\"elementor-widget-container\">\n\t\t\t\t\t<h1 class=\"elementor-heading-title elementor-size-default\">\u041d\u0410\u0428\u0418 \u0423\u0421\u041b\u0423\u0413\u0418<\/h1>\t\t\t\t<\/div>\n\t\t\t\t<\/div>\n\t\t\t\t<\/div>\n\t\t\t\t\t<\/div>\n\t\t\t\t<\/div>\n\t\t<div class=\"elementor-element elementor-element-5042c3a e-flex e-con-boxed e-con e-parent\" data-id=\"5042c3a\" data-element_type=\"container\" data-settings=\"{&quot;background_background&quot;:&quot;classic&quot;}\">\n\t\t\t\t\t<div class=\"e-con-inner\">\n\t\t<div class=\"elementor-element elementor-element-eeba45c e-con-full e-flex e-con e-child\" data-id=\"eeba45c\" data-element_type=\"container\">\n\t\t<div class=\"elementor-element elementor-element-6d29d9d e-con-full e-flex e-con e-child\" data-id=\"6d29d9d\" data-element_type=\"container\">\n\t\t<div class=\"elementor-element elementor-element-282d442 e-con-full e-flex e-con e-child\" data-id=\"282d442\" data-element_type=\"container\">\n\t\t\t\t<div class=\"elementor-element elementor-element-19e604b elementor-position-top elementor-widget elementor-widget-image-box\" data-id=\"19e604b\" data-element_type=\"widget\" data-widget_type=\"image-box.default\">\n\t\t\t\t<div class=\"elementor-widget-container\">\n\t\t\t\t\t<div class=\"elementor-image-box-wrapper\"><figure class=\"elementor-image-box-img\"><img fetchpriority=\"high\" decoding=\"async\" width=\"896\" height=\"400\" src=\"https:\/\/www.ghgtrans.com\/wp-content\/uploads\/2026\/01\/blog_gorsel_5.jpg\" class=\"attachment-full size-full wp-image-1454\" alt=\"blog gorsel 5\" title=\"\u041d\u0410\u0428\u0418 \u0423\u0421\u041b\u0423\u0413\u0418\" srcset=\"https:\/\/www.ghgtrans.com\/wp-content\/uploads\/2026\/01\/blog_gorsel_5.jpg 896w, https:\/\/www.ghgtrans.com\/wp-content\/uploads\/2026\/01\/blog_gorsel_5-300x134.jpg 300w, https:\/\/www.ghgtrans.com\/wp-content\/uploads\/2026\/01\/blog_gorsel_5-768x343.jpg 768w\" sizes=\"(max-width: 896px) 100vw, 896px\" \/><\/figure><div class=\"elementor-image-box-content\"><h3 class=\"elementor-image-box-title\">\u0410\u0412\u0422\u041e\u041c\u041e\u0411\u0418\u041b\u042c\u041d\u042b\u0415 \u041f\u0415\u0420\u0415\u0412\u041e\u0417\u041a\u0418<\/h3><\/div><\/div>\t\t\t\t<\/div>\n\t\t\t\t<\/div>\n\t\t\t\t<\/div>\n\t\t<div class=\"elementor-element elementor-element-343963c e-con-full e-flex e-con e-child\" data-id=\"343963c\" data-element_type=\"container\">\n\t\t\t\t<div class=\"elementor-element elementor-element-f9c8b3b elementor-position-top elementor-widget elementor-widget-image-box\" data-id=\"f9c8b3b\" data-element_type=\"widget\" data-widget_type=\"image-box.default\">\n\t\t\t\t<div class=\"elementor-widget-container\">\n\t\t\t\t\t<div class=\"elementor-image-box-wrapper\"><figure class=\"elementor-image-box-img\"><img decoding=\"async\" src=\"https:\/\/www.ghgtrans.com\/wp-content\/uploads\/2026\/01\/tir-gemi.jpg\" title=\"t\u0131r gemi\" alt=\"t\u0131r gemi\" loading=\"lazy\" \/><\/figure><div class=\"elementor-image-box-content\"><h3 class=\"elementor-image-box-title\">\u041c\u041e\u0420\u0421\u041a\u0418\u0415 \u041f\u0415\u0420\u0415\u0412\u041e\u0417\u041a\u0418<\/h3><\/div><\/div>\t\t\t\t<\/div>\n\t\t\t\t<\/div>\n\t\t\t\t<\/div>\n\t\t<div class=\"elementor-element elementor-element-0f33f9c e-con-full e-flex e-con e-child\" data-id=\"0f33f9c\" data-element_type=\"container\">\n\t\t\t\t<div class=\"elementor-element elementor-element-61d90dc elementor-position-top elementor-widget elementor-widget-image-box\" data-id=\"61d90dc\" data-element_type=\"widget\" data-widget_type=\"image-box.default\">\n\t\t\t\t<div class=\"elementor-widget-container\">\n\t\t\t\t\t<div class=\"elementor-image-box-wrapper\"><figure class=\"elementor-image-box-img\"><img decoding=\"async\" width=\"768\" height=\"400\" src=\"https:\/\/www.ghgtrans.com\/wp-content\/uploads\/2026\/01\/parsiyel.jpg\" class=\"attachment-full size-full wp-image-1512\" alt=\"parsiyel\" title=\"\u041d\u0410\u0428\u0418 \u0423\u0421\u041b\u0423\u0413\u0418\" srcset=\"https:\/\/www.ghgtrans.com\/wp-content\/uploads\/2026\/01\/parsiyel.jpg 768w, https:\/\/www.ghgtrans.com\/wp-content\/uploads\/2026\/01\/parsiyel-300x156.jpg 300w\" sizes=\"(max-width: 768px) 100vw, 768px\" \/><\/figure><div class=\"elementor-image-box-content\"><h3 class=\"elementor-image-box-title\">\u0421\u0411\u041e\u0420\u041d\u042b\u0415 \u0418 \u041d\u0415\u0413\u0410\u0411\u0410\u0420\u0418\u0422\u041d\u042b\u0415 \u041f\u0415\u0420\u0415\u0412\u041e\u0417\u041a\u0418<\/h3><\/div><\/div>\t\t\t\t<\/div>\n\t\t\t\t<\/div>\n\t\t\t\t<\/div>\n\t\t\t\t<\/div>\n\t\t\t\t<\/div>\n\t\t\t\t\t<\/div>\n\t\t\t\t<\/div>\n\t\t\t\t<\/div>","protected":false},"excerpt":{"rendered":"<p>H\u0130ZMETLER\u0130M\u0130Z KARAYOLU TA\u015eIMACILI\u011eI DEN\u0130ZYOLU TA\u015eIMACILI\u011eI PARS\u0130YEL TA\u015eIMACILIK<\/p>","protected":false},"author":1,"featured_media":0,"parent":0,"menu_order":0,"comment_status":"closed","ping_status":"closed","template":"","meta":{"site-sidebar-layout":"no-sidebar","site-content-layout":"page-builder","ast-site-content-layout":"full-width-container","site-content-style":"unboxed","site-sidebar-style":"unboxed","ast-global-header-display":"","ast-banner-title-visibility":"","ast-main-header-display":"","ast-hfb-above-header-display":"","ast-hfb-below-header-display":"","ast-hfb-mobile-header-display":"","site-post-title":"disabled","ast-breadcrumbs-content":"disabled","ast-featured-img":"disabled","footer-sml-layout":"","ast-disable-related-posts":"","theme-transparent-header-meta":"enabled","adv-header-id-meta":"","stick-header-meta":"","header-above-stick-meta":"","header-main-stick-meta":"","header-below-stick-meta":"","astra-migrate-meta-layouts":"set","ast-page-background-enabled":"default","ast-page-background-meta":{"desktop":{"background-color":"var(--ast-global-color-4)","background-image":"","background-repeat":"repeat","background-position":"center center","background-size":"auto","background-attachment":"scroll","background-type":"","background-media":"","overlay-type":"","overlay-color":"","overlay-opacity":"","overlay-gradient":""},"tablet":{"background-color":"","background-image":"","background-repeat":"repeat","background-position":"center center","background-size":"auto","background-attachment":"scroll","background-type":"","background-media":"","overlay-type":"","overlay-color":"","overlay-opacity":"","overlay-gradient":""},"mobile":{"background-color":"","background-image":"","background-repeat":"repeat","background-position":"center center","background-size":"auto","background-attachment":"scroll","background-type":"","background-media":"","overlay-type":"","overlay-color":"","overlay-opacity":"","overlay-gradient":""}},"ast-content-background-meta":{"desktop":{"background-color":"var(--ast-global-color-5)","background-image":"","background-repeat":"repeat","background-position":"center center","background-size":"auto","background-attachment":"scroll","background-type":"","background-media":"","overlay-type":"","overlay-color":"","overlay-opacity":"","overlay-gradient":""},"tablet":{"background-color":"var(--ast-global-color-5)","background-image":"","background-repeat":"repeat","background-position":"center center","background-size":"auto","background-attachment":"scroll","background-type":"","background-media":"","overlay-type":"","overlay-color":"","overlay-opacity":"","overlay-gradient":""},"mobile":{"background-color":"var(--ast-global-color-5)","background-image":"","background-repeat":"repeat","background-position":"center center","background-size":"auto","background-attachment":"scroll","background-type":"","background-media":"","overlay-type":"","overlay-color":"","overlay-opacity":"","overlay-gradient":""}},"footnotes":""},"class_list":["post-11","page","type-page","status-publish","hentry"],"_links":{"self":[{"href":"https:\/\/www.ghgtrans.com\/ru\/wp-json\/wp\/v2\/pages\/11","targetHints":{"allow":["GET"]}}],"collection":[{"href":"https:\/\/www.ghgtrans.com\/ru\/wp-json\/wp\/v2\/pages"}],"about":[{"href":"https:\/\/www.ghgtrans.com\/ru\/wp-json\/wp\/v2\/types\/page"}],"author":[{"embeddable":true,"href":"https:\/\/www.ghgtrans.com\/ru\/wp-json\/wp\/v2\/users\/1"}],"replies":[{"embeddable":true,"href":"https:\/\/www.ghgtrans.com\/ru\/wp-json\/wp\/v2\/comments?post=11"}],"version-history":[{"count":10,"href":"https:\/\/www.ghgtrans.com\/ru\/wp-json\/wp\/v2\/pages\/11\/revisions"}],"predecessor-version":[{"id":1579,"href":"https:\/\/www.ghgtrans.com\/ru\/wp-json\/wp\/v2\/pages\/11\/revisions\/1579"}],"wp:attachment":[{"href":"https:\/\/www.ghgtrans.com\/ru\/wp-json\/wp\/v2\/media?parent=11"}],"curies":[{"name":"wp","href":"https:\/\/api.w.org\/{rel}","templated":true}]}}