{"id":13,"date":"2026-01-13T23:34:28","date_gmt":"2026-01-13T20:34:28","guid":{"rendered":"https:\/\/www.ghgtrans.com\/about\/"},"modified":"2026-01-14T23:33:13","modified_gmt":"2026-01-14T20:33:13","slug":"about","status":"publish","type":"page","link":"https:\/\/www.ghgtrans.com\/ru\/about\/","title":{"rendered":"\u041e \u041a\u041e\u041c\u041f\u0410\u041d\u0418\u0418"},"content":{"rendered":"<div data-elementor-type=\"wp-page\" data-elementor-id=\"13\" class=\"elementor elementor-13\">\n\t\t\t\t<div class=\"elementor-element elementor-element-19b8c8c e-flex e-con-boxed e-con e-parent\" data-id=\"19b8c8c\" data-element_type=\"container\" data-settings=\"{&quot;background_background&quot;:&quot;classic&quot;}\">\n\t\t\t\t\t<div class=\"e-con-inner\">\n\t\t<div class=\"elementor-element elementor-element-372848a e-con-full e-flex e-con e-child\" data-id=\"372848a\" data-element_type=\"container\">\n\t\t\t\t<div class=\"elementor-element elementor-element-0ccf104 elementor-widget elementor-widget-heading\" data-id=\"0ccf104\" data-element_type=\"widget\" data-widget_type=\"heading.default\">\n\t\t\t\t<div class=\"elementor-widget-container\">\n\t\t\t\t\t<h1 class=\"elementor-heading-title elementor-size-default\">\u041e \u041a\u041e\u041c\u041f\u0410\u041d\u0418\u0418<\/h1>\t\t\t\t<\/div>\n\t\t\t\t<\/div>\n\t\t\t\t<\/div>\n\t\t\t\t\t<\/div>\n\t\t\t\t<\/div>\n\t\t<div class=\"elementor-element elementor-element-8338255 e-flex e-con-boxed e-con e-parent\" data-id=\"8338255\" data-element_type=\"container\" data-settings=\"{&quot;background_background&quot;:&quot;classic&quot;}\">\n\t\t\t\t\t<div class=\"e-con-inner\">\n\t\t<div class=\"elementor-element elementor-element-87eb59b e-con-full e-flex e-con e-child\" data-id=\"87eb59b\" data-element_type=\"container\">\n\t\t\t\t<div class=\"elementor-element elementor-element-925cef2 elementor-widget elementor-widget-heading\" data-id=\"925cef2\" data-element_type=\"widget\" data-widget_type=\"heading.default\">\n\t\t\t\t<div class=\"elementor-widget-container\">\n\t\t\t\t\t<h3 class=\"elementor-heading-title elementor-size-default\">\"\u041e \u041a\u041e\u041c\u041f\u0410\u041d\u0418\u0418\"<\/h3>\t\t\t\t<\/div>\n\t\t\t\t<\/div>\n\t\t\t\t<div class=\"elementor-element elementor-element-35ebd54 elementor-widget elementor-widget-text-editor\" data-id=\"35ebd54\" data-element_type=\"widget\" data-widget_type=\"text-editor.default\">\n\t\t\t\t<div class=\"elementor-widget-container\">\n\t\t\t\t\t\t\t\t\t<p>GHG TRANS \u2014 \u043c\u0435\u0436\u0434\u0443\u043d\u0430\u0440\u043e\u0434\u043d\u0430\u044f \u0442\u0440\u0430\u043d\u0441\u043f\u043e\u0440\u0442\u043d\u043e-\u043b\u043e\u0433\u0438\u0441\u0442\u0438\u0447\u0435\u0441\u043a\u0430\u044f \u043a\u043e\u043c\u043f\u0430\u043d\u0438\u044f, \u0441\u043f\u0435\u0446\u0438\u0430\u043b\u0438\u0437\u0438\u0440\u0443\u044e\u0449\u0430\u044f\u0441\u044f \u043d\u0430 \u043f\u0435\u0440\u0435\u0432\u043e\u0437\u043a\u0435 \u0441\u0442\u0430\u043d\u0434\u0430\u0440\u0442\u043d\u044b\u0445, \u043d\u0435\u0433\u0430\u0431\u0430\u0440\u0438\u0442\u043d\u044b\u0445 \u0438 \u043f\u0440\u043e\u0435\u043a\u0442\u043d\u044b\u0445<br \/>\u0433\u0440\u0443\u0437\u043e\u0432 \u0438\u0437 \u0422\u0443\u0440\u0446\u0438\u0438 \u0438 \u0432 \u0422\u0443\u0440\u0446\u0438\u044e, \u0430 \u0442\u0430\u043a\u0436\u0435 \u043f\u043e \u0432\u0441\u0435\u0439 \u0415\u0432\u0440\u043e\u043f\u0435 \u0438 \u0432 \u0420\u043e\u0441\u0441\u0438\u044e.<\/p>\t\t\t\t\t\t\t\t<\/div>\n\t\t\t\t<\/div>\n\t\t\t\t<div class=\"elementor-element elementor-element-74abf08 elementor-widget elementor-widget-text-editor\" data-id=\"74abf08\" data-element_type=\"widget\" data-widget_type=\"text-editor.default\">\n\t\t\t\t<div class=\"elementor-widget-container\">\n\t\t\t\t\t\t\t\t\t<p>\u0421 2008 \u0433\u043e\u0434\u0430 \u043c\u044b \u0443\u0441\u043f\u0435\u0448\u043d\u043e \u0440\u0430\u0431\u043e\u0442\u0430\u0435\u043c \u043d\u0430 \u0440\u044b\u043d\u043a\u0435 \u043c\u0435\u0436\u0434\u0443\u043d\u0430\u0440\u043e\u0434\u043d\u043e\u0439 \u043b\u043e\u0433\u0438\u0441\u0442\u0438\u043a\u0438, \u0432\u044b\u0441\u0442\u0440\u0430\u0438\u0432\u0430\u044f \u043d\u0430\u0434\u0451\u0436\u043d\u044b\u0435 \u0438 \u044d\u0444\u0444\u0435\u043a\u0442\u0438\u0432\u043d\u044b\u0435 \u043c\u0430\u0440\u0448\u0440\u0443\u0442\u044b.<br \/>\u041d\u0430\u0448\u0430 \u043a\u043e\u043c\u0430\u043d\u0434\u0430 \u0441\u043e\u0447\u0435\u0442\u0430\u0435\u0442 \u043c\u043d\u043e\u0433\u043e\u043b\u0435\u0442\u043d\u0438\u0439 \u043f\u0440\u0430\u043a\u0442\u0438\u0447\u0435\u0441\u043a\u0438\u0439 \u043e\u043f\u044b\u0442, \u0433\u043b\u0443\u0431\u043e\u043a\u043e\u0435 \u0437\u043d\u0430\u043d\u0438\u0435 \u043c\u0435\u0436\u0434\u0443\u043d\u0430\u0440\u043e\u0434\u043d\u044b\u0445 \u043f\u0435\u0440\u0435\u0432\u043e\u0437\u043e\u043a \u0438 \u0441\u043e\u0432\u0440\u0435\u043c\u0435\u043d\u043d\u044b\u0439 \u043f\u043e\u0434\u0445\u043e\u0434 \u043a \u043e\u0440\u0433\u0430\u043d\u0438\u0437\u0430\u0446\u0438\u0438 \u043b\u043e\u0433\u0438\u0441\u0442\u0438\u0447\u0435\u0441\u043a\u0438\u0445 \u043f\u0440\u043e\u0446\u0435\u0441\u0441\u043e\u0432.<\/p>\t\t\t\t\t\t\t\t<\/div>\n\t\t\t\t<\/div>\n\t\t\t\t<div class=\"elementor-element elementor-element-2eaf4d1 elementor-widget elementor-widget-text-editor\" data-id=\"2eaf4d1\" data-element_type=\"widget\" data-widget_type=\"text-editor.default\">\n\t\t\t\t<div class=\"elementor-widget-container\">\n\t\t\t\t\t\t\t\t\t<p>\u0411\u043b\u0430\u0433\u043e\u0434\u0430\u0440\u044f \u043e\u0442\u043b\u0430\u0436\u0435\u043d\u043d\u043e\u0439 \u0441\u0438\u0441\u0442\u0435\u043c\u0435 \u0440\u0430\u0431\u043e\u0442\u044b \u043c\u044b \u043f\u0440\u0435\u0434\u043b\u0430\u0433\u0430\u0435\u043c \u043a\u043e\u043d\u043a\u0443\u0440\u0435\u043d\u0442\u043e\u0441\u043f\u043e\u0441\u043e\u0431\u043d\u044b\u0435 \u0438 \u043f\u0440\u043e\u0437\u0440\u0430\u0447\u043d\u044b\u0435 \u0446\u0435\u043d\u044b, \u043e\u0431\u0435\u0441\u043f\u0435\u0447\u0438\u0432\u0430\u044f \u043e\u043f\u0442\u0438\u043c\u0430\u043b\u044c\u043d\u043e\u0435 \u0441\u043e\u043e\u0442\u043d\u043e\u0448\u0435\u043d\u0438\u0435 \u0441\u0442\u043e\u0438\u043c\u043e\u0441\u0442\u0438 \u0438 \u043a\u0430\u0447\u0435\u0441\u0442\u0432\u0430 \u0443\u0441\u043b\u0443\u0433.<br \/>\u0412\u0441\u0435 \u043f\u0435\u0440\u0435\u0432\u043e\u0437\u043a\u0438 \u0432\u044b\u043f\u043e\u043b\u043d\u044f\u044e\u0442\u0441\u044f \u0441 \u043e\u0431\u044f\u0437\u0430\u0442\u0435\u043b\u044c\u043d\u044b\u043c \u0441\u0442\u0440\u0430\u0445\u043e\u0432\u0430\u043d\u0438\u0435\u043c, \u0430 \u0431\u0435\u0437\u043e\u043f\u0430\u0441\u043d\u043e\u0441\u0442\u044c \u0438 \u0441\u043e\u0445\u0440\u0430\u043d\u043d\u043e\u0441\u0442\u044c \u0433\u0440\u0443\u0437\u0430 \u043d\u0430\u0445\u043e\u0434\u044f\u0442\u0441\u044f \u043f\u043e\u0434 \u043f\u043e\u0441\u0442\u043e\u044f\u043d\u043d\u044b\u043c \u043a\u043e\u043d\u0442\u0440\u043e\u043b\u0435\u043c<br \/>\u043d\u0430 \u043a\u0430\u0436\u0434\u043e\u043c \u044d\u0442\u0430\u043f\u0435 \u0434\u043e\u0441\u0442\u0430\u0432\u043a\u0438.<\/p>\t\t\t\t\t\t\t\t<\/div>\n\t\t\t\t<\/div>\n\t\t\t\t<div class=\"elementor-element elementor-element-bb9b3ef elementor-widget elementor-widget-text-editor\" data-id=\"bb9b3ef\" data-element_type=\"widget\" data-widget_type=\"text-editor.default\">\n\t\t\t\t<div class=\"elementor-widget-container\">\n\t\t\t\t\t\t\t\t\t<p>\u041c\u044b \u043f\u0440\u0435\u0434\u043e\u0441\u0442\u0430\u0432\u043b\u044f\u0435\u043c \u043a\u043e\u043c\u043f\u043b\u0435\u043a\u0441\u043d\u044b\u0435 \u043b\u043e\u0433\u0438\u0441\u0442\u0438\u0447\u0435\u0441\u043a\u0438\u0435 \u0440\u0435\u0448\u0435\u043d\u0438\u044f,<br \/>\u043e\u0440\u0438\u0435\u043d\u0442\u0438\u0440\u043e\u0432\u0430\u043d\u043d\u044b\u0435 \u043d\u0430 \u0437\u0430\u0434\u0430\u0447\u0438 \u0431\u0438\u0437\u043d\u0435\u0441\u0430 \u043d\u0430\u0448\u0438\u0445 \u043a\u043b\u0438\u0435\u043d\u0442\u043e\u0432, \u0438 \u0431\u0435\u0440\u0451\u043c \u043d\u0430 \u0441\u0435\u0431\u044f \u043f\u043e\u043b\u043d\u0443\u044e \u043e\u0442\u0432\u0435\u0442\u0441\u0442\u0432\u0435\u043d\u043d\u043e\u0441\u0442\u044c<br \/>\u0437\u0430 \u0440\u0435\u0437\u0443\u043b\u044c\u0442\u0430\u0442.<\/p>\t\t\t\t\t\t\t\t<\/div>\n\t\t\t\t<\/div>\n\t\t\t\t<div class=\"elementor-element elementor-element-77109e8 elementor-widget elementor-widget-text-editor\" data-id=\"77109e8\" data-element_type=\"widget\" data-widget_type=\"text-editor.default\">\n\t\t\t\t<div class=\"elementor-widget-container\">\n\t\t\t\t\t\t\t\t\t<p>\u0414\u043b\u044f \u043d\u0430\u0441 \u0432\u0430\u0436\u043d\u043e \u043d\u0435 \u043f\u0440\u043e\u0441\u0442\u043e \u0434\u043e\u0441\u0442\u0430\u0432\u0438\u0442\u044c \u0433\u0440\u0443\u0437, \u0430 \u0441\u0442\u0430\u0442\u044c \u043d\u0430\u0434\u0451\u0436\u043d\u044b\u043c \u043b\u043e\u0433\u0438\u0441\u0442\u0438\u0447\u0435\u0441\u043a\u0438\u043c \u043f\u0430\u0440\u0442\u043d\u0451\u0440\u043e\u043c, \u043a\u043e\u0442\u043e\u0440\u043e\u043c\u0443 \u043c\u043e\u0436\u043d\u043e \u0434\u043e\u0432\u0435\u0440\u0438\u0442\u044c \u0431\u0438\u0437\u043d\u0435\u0441.<br \/>\u0427\u0451\u0442\u043a\u043e\u0435 \u043f\u043b\u0430\u043d\u0438\u0440\u043e\u0432\u0430\u043d\u0438\u0435 \u0438 \u043f\u043e\u0441\u0442\u043e\u044f\u043d\u043d\u044b\u0439 \u043a\u043e\u043d\u0442\u0440\u043e\u043b\u044c \u043f\u0435\u0440\u0435\u0432\u043e\u0437\u043e\u043a \u0433\u0430\u0440\u0430\u043d\u0442\u0438\u0440\u0443\u044e\u0442 \u0434\u043e\u0441\u0442\u0430\u0432\u043a\u0443 \u0433\u0440\u0443\u0437\u0430 \u0442\u043e\u0447\u043d\u043e \u0432 \u0441\u043e\u0433\u043b\u0430\u0441\u043e\u0432\u0430\u043d\u043d\u044b\u0435 \u0441\u0440\u043e\u043a\u0438. \u041d\u0430\u0434\u0451\u0436\u043d\u043e\u0441\u0442\u044c, \u043e\u0442\u0432\u0435\u0442\u0441\u0442\u0432\u0435\u043d\u043d\u043e\u0441\u0442\u044c \u0438 \u0432\u044b\u0441\u043e\u043a\u043e\u0435 \u043a\u0430\u0447\u0435\u0441\u0442\u0432\u043e \u0441\u0435\u0440\u0432\u0438\u0441\u0430 \u2014 \u043a\u043b\u044e\u0447\u0435\u0432\u044b\u0435 \u043f\u0440\u0438\u043d\u0446\u0438\u043f\u044b \u043d\u0430\u0448\u0435\u0439 \u0440\u0430\u0431\u043e\u0442\u044b.<\/p>\t\t\t\t\t\t\t\t<\/div>\n\t\t\t\t<\/div>\n\t\t\t\t<div class=\"elementor-element elementor-element-afe5317 elementor-widget elementor-widget-text-editor\" data-id=\"afe5317\" data-element_type=\"widget\" data-widget_type=\"text-editor.default\">\n\t\t\t\t<div class=\"elementor-widget-container\">\n\t\t\t\t\t\t\t\t\t<p>\u0420\u0430\u0434\u044b \u0431\u0443\u0434\u0435\u043c \u0432\u0438\u0434\u0435\u0442\u044c \u0412\u0430\u0441<br \/>\u0432 \u043a\u0430\u0447\u0435\u0441\u0442\u0432\u0435 \u043d\u0430\u0448\u0435\u0433\u043e \u043f\u043e\u0441\u0442\u043e\u044f\u043d\u043d\u043e\u0433\u043e \u043a\u043b\u0438\u0435\u043d\u0442\u0430<br \/>\u0438 \u043d\u0430\u0434\u0435\u0436\u043d\u043e\u0433\u043e \u043f\u0430\u0440\u0442\u043d\u0435\u0440\u0430!<\/p>\t\t\t\t\t\t\t\t<\/div>\n\t\t\t\t<\/div>\n\t\t\t\t<\/div>\n\t\t<div class=\"elementor-element elementor-element-120c976 e-con-full e-flex e-con e-child\" data-id=\"120c976\" data-element_type=\"container\">\n\t\t\t\t<div class=\"elementor-element elementor-element-4651b53 elementor-widget-tablet__width-initial elementor-widget elementor-widget-icon-box\" data-id=\"4651b53\" data-element_type=\"widget\" data-widget_type=\"icon-box.default\">\n\t\t\t\t<div class=\"elementor-widget-container\">\n\t\t\t\t\t\t\t<div class=\"elementor-icon-box-wrapper\">\n\n\t\t\t\n\t\t\t\t\t\t<div class=\"elementor-icon-box-content\">\n\n\t\t\t\t\t\t\t\t\t<h3 class=\"elementor-icon-box-title\">\n\t\t\t\t\t\t<span  >\n\t\t\t\t\t\t\t\u0421\u0415\u0420\u0422\u0418\u0424\u0418\u041a\u0410\u0422\u042b\t\t\t\t\t\t<\/span>\n\t\t\t\t\t<\/h3>\n\t\t\t\t\n\t\t\t\t\n\t\t\t<\/div>\n\t\t\t\n\t\t<\/div>\n\t\t\t\t\t\t<\/div>\n\t\t\t\t<\/div>\n\t\t\t\t<div class=\"elementor-element elementor-element-ff9a337 elementor-widget elementor-widget-image\" data-id=\"ff9a337\" data-element_type=\"widget\" data-widget_type=\"image.default\">\n\t\t\t\t<div class=\"elementor-widget-container\">\n\t\t\t\t\t\t\t\t\t\t\t\t\t\t\t<img fetchpriority=\"high\" decoding=\"async\" width=\"339\" height=\"359\" src=\"https:\/\/www.ghgtrans.com\/wp-content\/uploads\/2026\/01\/tio_belgesi.png\" class=\"attachment-1536x1536 size-1536x1536 wp-image-1548\" alt=\"tio belgesi\" srcset=\"https:\/\/www.ghgtrans.com\/wp-content\/uploads\/2026\/01\/tio_belgesi.png 339w, https:\/\/www.ghgtrans.com\/wp-content\/uploads\/2026\/01\/tio_belgesi-283x300.png 283w\" sizes=\"(max-width: 339px) 100vw, 339px\" title=\"\u041e \u041a\u041e\u041c\u041f\u0410\u041d\u0418\u0418\">\t\t\t\t\t\t\t\t\t\t\t\t\t\t\t<\/div>\n\t\t\t\t<\/div>\n\t\t\t\t<div class=\"elementor-element elementor-element-238460f elementor-widget elementor-widget-image\" data-id=\"238460f\" data-element_type=\"widget\" data-widget_type=\"image.default\">\n\t\t\t\t<div class=\"elementor-widget-container\">\n\t\t\t\t\t\t\t\t\t\t\t\t\t\t\t<img decoding=\"async\" width=\"809\" height=\"1005\" src=\"https:\/\/www.ghgtrans.com\/wp-content\/uploads\/2026\/01\/TBBB.jpg\" class=\"attachment-1536x1536 size-1536x1536 wp-image-1549\" alt=\"tbbb\" srcset=\"https:\/\/www.ghgtrans.com\/wp-content\/uploads\/2026\/01\/TBBB.jpg 809w, https:\/\/www.ghgtrans.com\/wp-content\/uploads\/2026\/01\/TBBB-241x300.jpg 241w, https:\/\/www.ghgtrans.com\/wp-content\/uploads\/2026\/01\/TBBB-768x954.jpg 768w\" sizes=\"(max-width: 809px) 100vw, 809px\" title=\"\u041e \u041a\u041e\u041c\u041f\u0410\u041d\u0418\u0418\">\t\t\t\t\t\t\t\t\t\t\t\t\t\t\t<\/div>\n\t\t\t\t<\/div>\n\t\t\t\t<div class=\"elementor-element elementor-element-0656905 elementor-widget elementor-widget-image\" data-id=\"0656905\" data-element_type=\"widget\" data-widget_type=\"image.default\">\n\t\t\t\t<div class=\"elementor-widget-container\">\n\t\t\t\t\t\t\t\t\t\t\t\t\t\t\t<img decoding=\"async\" width=\"225\" height=\"225\" src=\"https:\/\/www.ghgtrans.com\/wp-content\/uploads\/2026\/01\/indir.png\" class=\"attachment-1536x1536 size-1536x1536 wp-image-1550\" alt=\"indir\" srcset=\"https:\/\/www.ghgtrans.com\/wp-content\/uploads\/2026\/01\/indir.png 225w, https:\/\/www.ghgtrans.com\/wp-content\/uploads\/2026\/01\/indir-150x150.png 150w\" sizes=\"(max-width: 225px) 100vw, 225px\" title=\"\u041e \u041a\u041e\u041c\u041f\u0410\u041d\u0418\u0418\">\t\t\t\t\t\t\t\t\t\t\t\t\t\t\t<\/div>\n\t\t\t\t<\/div>\n\t\t\t\t<\/div>\n\t\t\t\t\t<\/div>\n\t\t\t\t<\/div>\n\t\t\t\t<\/div>","protected":false},"excerpt":{"rendered":"<p>HAKKIMIZDA B\u0130Z K\u0130M\u0130Z ? GHG TRANS \u015firketinin amac\u0131, uygun fiyatlarla g\u00fcvenli ula\u015f\u0131m hizmetleri sunmakt\u0131r.GHG trans olarak g\u00fcvenli ve daha az riskli bir ta\u015f\u0131mac\u0131l\u0131\u011fa \u00f6nem vermekteyiz. Ara\u00e7lar\u0131m\u0131z\u0131n CMR s\u0130gortas\u0131 olmas\u0131 sebebiyle y\u00fck\u00fcn\u00fcz\u00fc herhangi bir sorunolmadan belirtilen yere teslim etmekteyiz. T\u00fcrkiye&#8217;den Avrupa, Moldova,Balt\u0131k \u00fclkeleri,Beyaz Rusya veRusya&#8217;n\u0131n her b\u00f6lgesine Komple t\u0131r,Gabarili a\u011f\u0131r ve parsiyel ta\u015f\u0131ma\u0130hracat ve \u0130thalat olmak [&hellip;]<\/p>","protected":false},"author":1,"featured_media":0,"parent":0,"menu_order":0,"comment_status":"closed","ping_status":"closed","template":"","meta":{"site-sidebar-layout":"no-sidebar","site-content-layout":"page-builder","ast-site-content-layout":"full-width-container","site-content-style":"unboxed","site-sidebar-style":"unboxed","ast-global-header-display":"","ast-banner-title-visibility":"","ast-main-header-display":"","ast-hfb-above-header-display":"","ast-hfb-below-header-display":"","ast-hfb-mobile-header-display":"","site-post-title":"disabled","ast-breadcrumbs-content":"disabled","ast-featured-img":"disabled","footer-sml-layout":"","ast-disable-related-posts":"","theme-transparent-header-meta":"enabled","adv-header-id-meta":"","stick-header-meta":"","header-above-stick-meta":"","header-main-stick-meta":"","header-below-stick-meta":"","astra-migrate-meta-layouts":"set","ast-page-background-enabled":"default","ast-page-background-meta":{"desktop":{"background-color":"var(--ast-global-color-4)","background-image":"","background-repeat":"repeat","background-position":"center center","background-size":"auto","background-attachment":"scroll","background-type":"","background-media":"","overlay-type":"","overlay-color":"","overlay-opacity":"","overlay-gradient":""},"tablet":{"background-color":"","background-image":"","background-repeat":"repeat","background-position":"center center","background-size":"auto","background-attachment":"scroll","background-type":"","background-media":"","overlay-type":"","overlay-color":"","overlay-opacity":"","overlay-gradient":""},"mobile":{"background-color":"","background-image":"","background-repeat":"repeat","background-position":"center center","background-size":"auto","background-attachment":"scroll","background-type":"","background-media":"","overlay-type":"","overlay-color":"","overlay-opacity":"","overlay-gradient":""}},"ast-content-background-meta":{"desktop":{"background-color":"var(--ast-global-color-5)","background-image":"","background-repeat":"repeat","background-position":"center center","background-size":"auto","background-attachment":"scroll","background-type":"","background-media":"","overlay-type":"","overlay-color":"","overlay-opacity":"","overlay-gradient":""},"tablet":{"background-color":"var(--ast-global-color-5)","background-image":"","background-repeat":"repeat","background-position":"center center","background-size":"auto","background-attachment":"scroll","background-type":"","background-media":"","overlay-type":"","overlay-color":"","overlay-opacity":"","overlay-gradient":""},"mobile":{"background-color":"var(--ast-global-color-5)","background-image":"","background-repeat":"repeat","background-position":"center center","background-size":"auto","background-attachment":"scroll","background-type":"","background-media":"","overlay-type":"","overlay-color":"","overlay-opacity":"","overlay-gradient":""}},"footnotes":""},"class_list":["post-13","page","type-page","status-publish","hentry"],"_links":{"self":[{"href":"https:\/\/www.ghgtrans.com\/ru\/wp-json\/wp\/v2\/pages\/13","targetHints":{"allow":["GET"]}}],"collection":[{"href":"https:\/\/www.ghgtrans.com\/ru\/wp-json\/wp\/v2\/pages"}],"about":[{"href":"https:\/\/www.ghgtrans.com\/ru\/wp-json\/wp\/v2\/types\/page"}],"author":[{"embeddable":true,"href":"https:\/\/www.ghgtrans.com\/ru\/wp-json\/wp\/v2\/users\/1"}],"replies":[{"embeddable":true,"href":"https:\/\/www.ghgtrans.com\/ru\/wp-json\/wp\/v2\/comments?post=13"}],"version-history":[{"count":7,"href":"https:\/\/www.ghgtrans.com\/ru\/wp-json\/wp\/v2\/pages\/13\/revisions"}],"predecessor-version":[{"id":1553,"href":"https:\/\/www.ghgtrans.com\/ru\/wp-json\/wp\/v2\/pages\/13\/revisions\/1553"}],"wp:attachment":[{"href":"https:\/\/www.ghgtrans.com\/ru\/wp-json\/wp\/v2\/media?parent=13"}],"curies":[{"name":"wp","href":"https:\/\/api.w.org\/{rel}","templated":true}]}}